{"id":21,"date":"2020-03-19T15:25:24","date_gmt":"2020-03-19T15:25:24","guid":{"rendered":"http:\/\/hermann.arnhold.eu\/?page_id=21"},"modified":"2020-03-19T15:41:57","modified_gmt":"2020-03-19T15:41:57","slug":"seite-beispiel","status":"publish","type":"page","link":"https:\/\/arnhold.eu\/?page_id=21","title":{"rendered":"Schaffensweg"},"content":{"rendered":"\n<h4 class=\"wp-block-heading\">\u201eDenn Freud und Leid hab ich geteilt mit MEINER Zeit\u201c<\/h4>\n\n\n\n<blockquote class=\"wp-block-quote is-layout-flow wp-block-quote-is-layout-flow\"><p><em><strong>Geburt und Tod:<\/strong><br>Der Anfang und das Ende.<br>Dazwischen liegt<br>die Strecke<br>MENSCHENLEBEN.<br>Der Pfad ist schmal.<br>Und steinig das Gel\u00e4nde.<br>Und kurz die Zeit,<br>die einmal nur gegeben.<br><\/em><\/p><\/blockquote>\n\n\n\n<p>Wie war diese Strecke f\u00fcr meinen Vater, wie war sie f\u00fcr alle Deutschen in Russland? Das bittere Los seines Volkes blieb auch meinem Vater, Hermann Arnhold, nicht erspart. Geboren wurde er in Schaffhausen am Wolgaufer im Hungerjahr 1921. Wie seine Familie damals diese Not \u00fcberstanden hat, kann man sich nur zu wundern. Das war eine t\u00fcchtige Bauernfamilie, die gewohnt war, hart zu arbeiten und sparsam zu leben. Das hat sie wahrscheinlich gerettet. Und dabei hatten sie eine \u201etraute Heimat\u201c. Die ihnen half, allen Schwierigkeiten zu widerstehen. Hier stand seine Wiege, hier ging er zur Schule, hier kam zu ihm seine erste Liebe. Hier an der Wolga war seine Heimat, die Heimat, der er beraubt wurde. Die Heimat, wonach sich mein Vater sp\u00e4ter sein Leben lang sehnte, wohin es ihn zog, wohin er hoffte, doch einmal zur\u00fcckkehren zu d\u00fcrfen.<\/p>\n\n\n\n<p>Aber 1941 im September kam die Verbannung nach Sibirien, dann 1942 die Lager der Trudarmee im Ural, die zwangsweise Umsiedlung nach Sibirien. Lange Jahre war es ihm nicht geg\u00f6nnt, seine Lebenspl\u00e4ne und Hoffnungen zu verwirklichen. Erst mit 40 Jahren \u2013 die Hochschulbildung, mit 55 \u2013 die Promotion. Kindern und Erwachsenen verhalf er, ihre Muttersprache zu bewahren, er lehrte sie, g\u00fctig, menschlich und ehrlich zu sein, entwickelte bei ihnen den Sinn f\u00fcr das Sch\u00f6ne und das System der menschlichen Werte. Und das nicht nur in seiner p\u00e4dagogischen T\u00e4tigkeit, sondern auch als russlanddeutscher Dichter.<\/p>\n\n\n\n<p>Sein Leben war ein aufopferndes Dienen seinem Volke. In den Gedichten meines Vaters widerspiegelt sich sein ganzes Leben, aber auch das Leben der Deutschen in Russland, dessen Sohn er war. Alles, was diesem Volk zugesto\u00dfen war, musste auch mein Vater durchmachen. Keine einzige Familie blieb vor Verfolgungen, Diskriminierungen, Entrechtungen verschont. Wie Sand wurden einst die 2 Millionen Deutschen zerstreut, damit sie sich als nationale Einheit aufl\u00f6sen, ihre nationale Identit\u00e4t einb\u00fc\u00dfen. Aber davor hatten die Deutschen gerader Angst, Angst, die tausendj\u00e4hrige Kultur und die deutsche Sprache zu verlieren. Sie wollten doch als Deutsche weiter leben und als Deutsche ihre Kinder erziehen. In seinem Poem \u201eWir sind nicht Staub im Wind\u201c schrieb mein Vater:<\/p>\n\n\n\n<blockquote class=\"wp-block-quote is-layout-flow wp-block-quote-is-layout-flow\"><p><em>So bin ich nun einmal &#8211; ein Deutscher<br>Und muss es (und will es!) auch bleiben!<\/em><\/p><\/blockquote>\n\n\n\n<p>Tief bewegte ihn die Ungerechtigkeit, die den Russlanddeutschen gegen\u00fcber ausge\u00fcbt wurde. Deshalb klingen in seinen Gedichten so oft Zorn und Trostlosigkeit, Verzweiflung und Schmerz. Aber auch die Hoffnung, trotz allem. Der kommende Morgen soll doch endlich allen Menschen mehr Gl\u00fcck und Freude bringen, denn \u201eder Mensch ist bestimmt gl\u00fccklich auf Erde zu leben\u201c. Und mit dieser Hoffnung \u201ebis zum Ende\u201c lebte auch mein Vater, Hermann Arnhold.<\/p>\n\n\n\n<p>Eine Vielf\u00e4ltigkeit der Themen ist im Schaffen meines Vaters zu finden: Liebe und Freundschaft; der Glaube an das Gute und das Sch\u00f6ne; der Sieg des Guten \u00fcber das B\u00f6se; der Glaube an ein menschenw\u00fcrdiges Morgen; das Verhalten zu Natur und Zeit; das Pflichtgef\u00fchl vor den kommenden Generationen; der tragische Schicksalsweg der Wolgadeutschen; die Liebe zur Heimat und die Trauer um die verlorene Heimat.<\/p>\n\n\n\n<p>Wilma Arnhold<\/p>\n","protected":false},"excerpt":{"rendered":"<p>\u201eDenn Freud und Leid hab ich geteilt mit MEINER Zeit\u201c Geburt und Tod:Der Anfang und das Ende.Dazwischen liegtdie StreckeMENSCHENLEBEN.Der Pfad ist schmal.Und steinig das Gel\u00e4nde.Und kurz die Zeit,die einmal nur gegeben. Wie war diese Strecke f\u00fcr meinen Vater, wie war sie f\u00fcr alle Deutschen in Russland? Das bittere Los seines Volkes blieb auch meinem Vater, &hellip; <\/p>\n<p class=\"link-more\"><a href=\"https:\/\/arnhold.eu\/?page_id=21\" class=\"more-link\"><span class=\"screen-reader-text\">\u201eSchaffensweg\u201c <\/span>weiterlesen<\/a><\/p>\n","protected":false},"author":1,"featured_media":0,"parent":0,"menu_order":0,"comment_status":"closed","ping_status":"closed","template":"","meta":{"footnotes":""},"class_list":["post-21","page","type-page","status-publish","hentry"],"_links":{"self":[{"href":"https:\/\/arnhold.eu\/index.php?rest_route=\/wp\/v2\/pages\/21","targetHints":{"allow":["GET"]}}],"collection":[{"href":"https:\/\/arnhold.eu\/index.php?rest_route=\/wp\/v2\/pages"}],"about":[{"href":"https:\/\/arnhold.eu\/index.php?rest_route=\/wp\/v2\/types\/page"}],"author":[{"embeddable":true,"href":"https:\/\/arnhold.eu\/index.php?rest_route=\/wp\/v2\/users\/1"}],"replies":[{"embeddable":true,"href":"https:\/\/arnhold.eu\/index.php?rest_route=%2Fwp%2Fv2%2Fcomments&post=21"}],"version-history":[{"count":2,"href":"https:\/\/arnhold.eu\/index.php?rest_route=\/wp\/v2\/pages\/21\/revisions"}],"predecessor-version":[{"id":30,"href":"https:\/\/arnhold.eu\/index.php?rest_route=\/wp\/v2\/pages\/21\/revisions\/30"}],"wp:attachment":[{"href":"https:\/\/arnhold.eu\/index.php?rest_route=%2Fwp%2Fv2%2Fmedia&parent=21"}],"curies":[{"name":"wp","href":"https:\/\/api.w.org\/{rel}","templated":true}]}}